{"id":1031,"date":"2015-05-11T09:13:20","date_gmt":"2015-05-11T09:13:20","guid":{"rendered":"https:\/\/kyrios.com.hr\/index.php\/homepage\/"},"modified":"2026-03-18T12:36:15","modified_gmt":"2026-03-18T12:36:15","slug":"homepage","status":"publish","type":"page","link":"https:\/\/kyrios.com.hr\/","title":{"rendered":"Naslovna Kyrios"},"content":{"rendered":"<div class=\"wpb-content-wrapper\"><p>[vc_row][vc_column]<h2 class=\"sc_title sc_title_regular sc_align_center fig_border\" style=\"text-align:center;\">Tko smo i \u0161to radimo?<\/h2>[\/vc_column][\/vc_row][vc_row][vc_column][vc_column_text]<\/p>\n<p style=\"text-align: center;\">Kyrios d.o.o. \u2013 Dostojanstvo, povjerenje i podr\u0161ka od 1994. godine<\/p>\n<p style=\"text-align: center;\">Ve\u0107 vi\u0161e od tri desetlje\u0107a, pogrebno poduze\u0107e Kyrios d.o.o. stoji uz obitelji u najte\u017eim trenucima \u017eivota. Na\u0161a misija je pru\u017eiti dostojanstvenu, pouzdanu i pa\u017eljivu podr\u0161ku pri posljednjem ispra\u0107aju va\u0161ih najmilijih.<\/p>\n<p style=\"text-align: center;\">Uz dugogodi\u0161nje iskustvo, profesionalnost i duboko razumijevanje osjetljivosti trenutka, nastojimo olak\u0161ati sve organizacijske obaveze koje prate opro\u0161taj. Svakom ispra\u0107aju pristupamo s po\u0161tovanjem, brigom i diskrecijom, kako bismo obiteljima omogu\u0107ili mir i dostojanstvo u trenucima tuge.<\/p>\n<p style=\"text-align: center;\">U nastavku mo\u017eete saznati vi\u0161e o uslugama koje pru\u017ea na\u0161a firma i na\u010dinima na koje vam mo\u017eemo pomo\u0107i.<\/p>\n<p>[\/vc_column_text][\/vc_column][\/vc_row][vc_row][vc_column][\/vc_column][\/vc_row][vc_row][vc_column width=&#8221;1\/4&#8243;][vc_cta h2=&#8221;Me\u0111unarodni prijevoz&#8221;]I am promo text. Click edit button to change this text. Lorem ipsum dolor sit amet, consectetur adipiscing elit. Ut elit tellus, luctus nec ullamcorper mattis, pulvinar dapibus leo.[\/vc_cta][\/vc_column][vc_column width=&#8221;1\/4&#8243;][vc_cta h2=&#8221;Kremacije&#8221; style=&#8221;flat&#8221;]I am promo text. Click edit button to change this text. Lorem ipsum dolor sit amet, consectetur adipiscing elit. Ut elit tellus, luctus nec ullamcorper mattis, pulvinar dapibus leo.[\/vc_cta][\/vc_column][vc_column width=&#8221;1\/4&#8243;][vc_cta h2=&#8221;Eshumacije&#8221; style=&#8221;outline&#8221;]I am promo text. Click edit button to change this text. Lorem ipsum dolor sit amet, consectetur adipiscing elit. Ut elit tellus, luctus nec ullamcorper mattis, pulvinar dapibus leo.[\/vc_cta][\/vc_column][vc_column width=&#8221;1\/4&#8243;][vc_cta h2=&#8221;Dijamantni pogreb&#8221; style=&#8221;custom&#8221;]I am promo text. Click edit button to change this text. Lorem ipsum dolor sit amet, consectetur adipiscing elit. Ut elit tellus, luctus nec ullamcorper mattis, pulvinar dapibus leo.[\/vc_cta][\/vc_column][\/vc_row][vc_row][vc_column css=&#8221;.vc_custom_1431955086890{margin-top: 1.5em !important;padding-bottom: 4.5em !important;}&#8221;]<div class=\"sc_content content_wrap\" data-animation=\"animated fadeInUp normal\"><div class=\"sc_section\"><h2 class=\"sc_title sc_title_regular sc_align_center fig_border\" style=\"text-align:center;\">Curent Obituaries<\/h2><div id=\"sc_blogger_1680305541\" class=\"sc_blogger layout_obituaries_3 template_obituaries  sc_blogger_horizontal\">\t\t<div class=\"post_item post_item_obituaries column-1_3 post_featured_default post_format_standard odd post-1 post type-post status-publish format-standard hentry category-uncategorized\">\r\t\t\t\t\r\t\t\t<div class=\"post_content clearfix\">\r                <div class=\"obituaries_title\">\r\t\t\t\t<h4 class=\"post_title\"><a href=\"https:\/\/kyrios.com.hr\/index.php\/2025\/10\/15\/hello-world\/\"><span class=\"post_icon icon-book-2\"><\/span>Hello world!<\/a><\/h4>\t\t\t<div class=\"post_info\">\n\t\t\t\t\t\t\t\t\t\t<span class=\"post_info_item post_info_posted\"> <a href=\"https:\/\/kyrios.com.hr\/index.php\/2025\/10\/15\/hello-world\/\" class=\"post_info_date\">15 listopada, 2025<\/a><\/span>\n\t\t\t\t\t\t\t\t\t<\/div>\n\t\t        <\/div>\r\t\t\t\t<div class=\"post_descr clearfix\">\r\t\t\t\t<p>Welcome to WordPress. This is your first post. Edit or...<\/p><a href=\"https:\/\/kyrios.com.hr\/index.php\/2025\/10\/15\/hello-world\/\">Read life story<\/a>\t\t\t\t<\/div>\r\r\t\t\t<\/div>\t<!-- \/.post_content -->\r\r\t\t<\/div>\t<!-- \/.post_item -->\r\r\t\t\t<div class=\"post_item post_item_obituaries column-1_3 post_featured_default post_format_standard even post-606 post type-post status-publish format-standard has-post-thumbnail hentry category-uncategorized\">\r\t\t\t\t\t\t\t<div class=\"post_featured\">\r\t\t\t\t\t\t\t\t\t\t<div class=\"post_thumb\" data-image=\"https:\/\/kyrios.com.hr\/wp-content\/uploads\/2018\/05\/services3.jpg\" data-title=\"Invitation!\">\n\t\t\t\t\t\t<a class=\"hover_icon hover_icon_link\" href=\"https:\/\/kyrios.com.hr\/index.php\/2018\/04\/17\/invitation\/\"><img loading=\"lazy\" decoding=\"async\" class=\"wp-post-image\" width=\"250\" height=\"250\" alt=\"Invitation!\" src=\"https:\/\/kyrios.com.hr\/wp-content\/uploads\/2018\/05\/services3-250x250.jpg\"><\/a>\t\t\t\t\t\t<\/div>\n\t\t\t\t\t\t\t\t\t\t<\/div>\r\t\t\t\t\r\t\t\t<div class=\"post_content clearfix\">\r                <div class=\"obituaries_title\">\r\t\t\t\t<h4 class=\"post_title\"><a href=\"https:\/\/kyrios.com.hr\/index.php\/2018\/04\/17\/invitation\/\"><span class=\"post_icon icon-book-2\"><\/span>Invitation!<\/a><\/h4>\t\t\t<div class=\"post_info\">\n\t\t\t\t\t\t\t\t\t\t<span class=\"post_info_item post_info_posted\"> <a href=\"https:\/\/kyrios.com.hr\/index.php\/2018\/04\/17\/invitation\/\" class=\"post_info_date\">17 travnja, 2018<\/a><\/span>\n\t\t\t\t\t\t\t\t\t<\/div>\n\t\t        <\/div>\r\t\t\t\t<div class=\"post_descr clearfix\">\r\t\t\t\t<p>Welcome my Friends! This is your first post. Edit or...<\/p><a href=\"https:\/\/kyrios.com.hr\/index.php\/2018\/04\/17\/invitation\/\">Read life story<\/a>\t\t\t\t<\/div>\r\r\t\t\t<\/div>\t<!-- \/.post_content -->\r\r\t\t<\/div>\t<!-- \/.post_item -->\r\r\t\t\t<div class=\"post_item post_item_obituaries column-1_3 post_featured_default post_format_audio odd last post-51 post type-post status-publish format-audio has-post-thumbnail hentry category-news category-personal tag-food tag-fun post_format-post-format-audio\">\r\t\t\t\t\t\t\t<div class=\"post_featured\">\r\t\t\t\t<div class=\"sc_audio_player sc_audio sc_audio_image\" data-width=\"\" data-height=\"\" style=\"background-image: url(https:\/\/kyrios.com.hr\/wp-content\/uploads\/2018\/05\/services1-250x250.jpg)\"><div class=\"sc_audio_container\"><audio class=\"sc_audio\" src=\"http:\/\/www.archive.org\/download\/Macroform2011\/Macroform-600LightYears.mp3\" data-image=\"https:\/\/kyrios.com.hr\/wp-content\/uploads\/2018\/05\/services1-250x250.jpg\"><\/audio><\/div><\/div>\t\t\t\t<\/div>\r\t\t\t\t\r\t\t\t<div class=\"post_content clearfix\">\r                <div class=\"obituaries_title\">\r\t\t\t\t<h4 class=\"post_title\"><a href=\"https:\/\/kyrios.com.hr\/index.php\/2015\/05\/11\/entry-with-audio\/\"><span class=\"post_icon icon-musical-2\"><\/span>Entry with Audio<\/a><\/h4>\t\t\t<div class=\"post_info\">\n\t\t\t\t\t\t\t\t\t\t<span class=\"post_info_item post_info_posted\"> <a href=\"https:\/\/kyrios.com.hr\/index.php\/2015\/05\/11\/entry-with-audio\/\" class=\"post_info_date\">11 svibnja, 2015<\/a><\/span>\n\t\t\t\t\t\t\t\t\t<\/div>\n\t\t        <\/div>\r\t\t\t\t<div class=\"post_descr clearfix\">\r\t\t\t\t<p>...<\/p><a href=\"https:\/\/kyrios.com.hr\/index.php\/2015\/05\/11\/entry-with-audio\/\">Read life story<\/a>\t\t\t\t<\/div>\r\r\t\t\t<\/div>\t<!-- \/.post_content -->\r\r\t\t<\/div>\t<!-- \/.post_item -->\r\r\t<\/div>[vc_column_text css=&#8221;.vc_custom_1544873590936{margin-top: 0.5em !important;}&#8221;]<\/p>\n<p style=\"text-align: center;\"><a href=\"\/category\/obituaries\/\" class=\"sc_button button-hover sc_button_square sc_button_style_dark sc_button_bg_custom sc_button_size_mini\" style=\"width:9em;\" data-text=\"View All Obituaries\">View All Obituaries<\/a><\/p>\n<p>[\/vc_column_text]<\/div><\/div>[\/vc_column][\/vc_row][vc_row][vc_column][\/vc_column][\/vc_row][vc_row][vc_column]<div class=\"sc_section\"><div class=\"sc_content content_wrap\" data-animation=\"animated fadeInUp normal\" style=\"margin-top:6em !important;margin-bottom:6em !important;\"><div class=\"columns_wrap sc_columns columns_fluid sc_columns_count_3\"><div class=\"column-1_3 sc_column_item sc_column_item_1 odd first\" style=\"text-align:center;\"><span class=\"sc_icon icon-mail_open link_color\" style=\"font-size:4em; line-height: 1em;\"><\/span><div class=\"sc_section\" style=\"margin-top:1em !important; \">[vc_column_text]<a href=\"mailto:kyrios.hr@gmail.com\">kyrios.hr@gmail.com<\/a>[\/vc_column_text]<\/div><\/div><div class=\"column-1_3 sc_column_item sc_column_item_2 even\" style=\"text-align:center;\"><span class=\"sc_icon icon-tablet-1 link_color\" style=\"font-size:4em; line-height: 1em;\"><\/span><div class=\"sc_section\" style=\"margin-top:1em !important; \">[vc_column_text]<a href=\"http:\/\/+385 98 836 388\">+385 98 836 388<\/a>[\/vc_column_text]<\/div><\/div><div class=\"column-1_3 sc_column_item sc_column_item_3 odd\" style=\"text-align:center;\"><span class=\"sc_icon icon-location-1 link_color\" style=\"font-size:4em; line-height: 1em;\"><\/span><div class=\"sc_section\" style=\"margin-top:1em !important; \">[vc_column_text]Ivana Gunduli\u0107a 14<br \/>\n20350, Metkovi\u0107<br \/>\nHrvatska[\/vc_column_text]<\/div><\/div><\/div><\/div><\/div>[\/vc_column][\/vc_row][vc_row][vc_column width=&#8221;1\/2&#8243;]<h2 class=\"sc_title sc_title_regular sc_align_center fig_border\" style=\"text-align:center;\">Kontaktirajte nas<\/h2>\n<div class=\"wpcf7 no-js\" id=\"wpcf7-f1025-o1\" lang=\"hr\" dir=\"ltr\" data-wpcf7-id=\"1025\">\n<div class=\"screen-reader-response\"><p role=\"status\" aria-live=\"polite\" aria-atomic=\"true\"><\/p> <ul><\/ul><\/div>\n<form action=\"\/index.php\/wp-json\/wp\/v2\/pages\/1031#wpcf7-f1025-o1\" method=\"post\" class=\"wpcf7-form init\" aria-label=\"Kontakt obrazac\" novalidate=\"novalidate\" data-status=\"init\">\n<fieldset class=\"hidden-fields-container\"><input type=\"hidden\" name=\"_wpcf7\" value=\"1025\" \/><input type=\"hidden\" name=\"_wpcf7_version\" value=\"6.1.5\" \/><input type=\"hidden\" name=\"_wpcf7_locale\" value=\"hr\" \/><input type=\"hidden\" name=\"_wpcf7_unit_tag\" value=\"wpcf7-f1025-o1\" \/><input type=\"hidden\" name=\"_wpcf7_container_post\" value=\"0\" \/><input type=\"hidden\" name=\"_wpcf7_posted_data_hash\" value=\"\" \/>\n<\/fieldset>\n<label> Va\u0161e ime\n    <span class=\"wpcf7-form-control-wrap\" data-name=\"your-name\"><input size=\"40\" maxlength=\"400\" class=\"wpcf7-form-control wpcf7-text wpcf7-validates-as-required\" autocomplete=\"name\" aria-required=\"true\" aria-invalid=\"false\" value=\"\" type=\"text\" name=\"your-name\" \/><\/span> <\/label>\n\n<label> Va\u0161a e-po\u0161ta\n    <span class=\"wpcf7-form-control-wrap\" data-name=\"your-email\"><input size=\"40\" maxlength=\"400\" class=\"wpcf7-form-control wpcf7-email wpcf7-validates-as-required wpcf7-text wpcf7-validates-as-email\" autocomplete=\"email\" aria-required=\"true\" aria-invalid=\"false\" value=\"\" type=\"email\" name=\"your-email\" \/><\/span> <\/label>\n\n<label> Predmet\n    <span class=\"wpcf7-form-control-wrap\" data-name=\"your-subject\"><input size=\"40\" maxlength=\"400\" class=\"wpcf7-form-control wpcf7-text wpcf7-validates-as-required\" aria-required=\"true\" aria-invalid=\"false\" value=\"\" type=\"text\" name=\"your-subject\" \/><\/span> <\/label>\n\n<label> Va\u0161a poruka (opcionalno)\n    <span class=\"wpcf7-form-control-wrap\" data-name=\"your-message\"><textarea cols=\"40\" rows=\"10\" maxlength=\"2000\" class=\"wpcf7-form-control wpcf7-textarea\" aria-invalid=\"false\" name=\"your-message\"><\/textarea><\/span> <\/label>\n\n<input class=\"wpcf7-form-control wpcf7-submit has-spinner\" type=\"submit\" value=\"Po\u0161alji\" \/><div class=\"wpcf7-response-output\" aria-hidden=\"true\"><\/div>\n<\/form>\n<\/div>\n[\/vc_column][vc_column width=&#8221;1\/2&#8243;]<div class=\"sc_googlemap\"  style=\"width:100%;height:650px;\"><iframe src=\"https:\/\/maps.google.com\/maps?t=m&output=embed&iwloc=near&z=14&q=Ivana+Gunduli%C4%87a+14+20350%2C+Metkovi%C4%87+Hrvatska\" scrolling=\"no\" marginheight=\"0\" marginwidth=\"0\" frameborder=\"0\" aria-label=\"\"><\/iframe><\/div>[\/vc_column][\/vc_row][vc_row][vc_column width=&#8221;1\/3&#8243;][vc_cta h2=&#8221;Me\u0111unarodni prijevozi&#8221; style=&#8221;3d&#8221;]I am promo text. Click edit button to change this text. Lorem ipsum dolor sit amet, consectetur adipiscing elit. Ut elit tellus, luctus nec ullamcorper mattis, pulvinar dapibus leo.[\/vc_cta][\/vc_column][vc_column width=&#8221;1\/3&#8243;][vc_cta h2=&#8221;Kremacije&#8221; style=&#8221;3d&#8221;]I am promo text. Click edit button to change this text. Lorem ipsum dolor sit amet, consectetur adipiscing elit. Ut elit tellus, luctus nec ullamcorper mattis, pulvinar dapibus leo.[\/vc_cta][\/vc_column][vc_column width=&#8221;1\/3&#8243;][vc_cta h2=&#8221;Eshumacije&#8221; style=&#8221;3d&#8221;]I am promo text. Click edit button to change this text. Lorem ipsum dolor sit amet, consectetur adipiscing elit. Ut elit tellus, luctus nec ullamcorper mattis, pulvinar dapibus leo.[\/vc_cta][\/vc_column][\/vc_row][vc_row][vc_column][vc_zigzag][\/vc_column][\/vc_row]<\/p>\n<\/div>","protected":false},"excerpt":{"rendered":"<p>[vc_row][vc_column][\/vc_column][\/vc_row][vc_row][vc_column][vc_column_text] Kyrios d.o.o. \u2013 Dostojanstvo, povjerenje i podr\u0161ka od 1994. godine Ve\u0107 vi\u0161e od tri desetlje\u0107a, pogrebno poduze\u0107e Kyrios d.o.o. stoji uz obitelji u najte\u017eim trenucima \u017eivota. Na\u0161a misija je pru\u017eiti dostojanstvenu, pouzdanu i pa\u017eljivu podr\u0161ku pri posljednjem ispra\u0107aju va\u0161ih najmilijih. Uz dugogodi\u0161nje iskustvo, profesionalnost i duboko razumijevanje osjetljivosti trenutka, nastojimo olak\u0161ati sve organizacijske obaveze [&hellip;]<\/p>\n","protected":false},"author":1,"featured_media":0,"parent":0,"menu_order":0,"comment_status":"open","ping_status":"closed","template":"","meta":{"footnotes":""},"class_list":["post-1031","page","type-page","status-publish","hentry"],"_links":{"self":[{"href":"https:\/\/kyrios.com.hr\/index.php\/wp-json\/wp\/v2\/pages\/1031","targetHints":{"allow":["GET"]}}],"collection":[{"href":"https:\/\/kyrios.com.hr\/index.php\/wp-json\/wp\/v2\/pages"}],"about":[{"href":"https:\/\/kyrios.com.hr\/index.php\/wp-json\/wp\/v2\/types\/page"}],"author":[{"embeddable":true,"href":"https:\/\/kyrios.com.hr\/index.php\/wp-json\/wp\/v2\/users\/1"}],"replies":[{"embeddable":true,"href":"https:\/\/kyrios.com.hr\/index.php\/wp-json\/wp\/v2\/comments?post=1031"}],"version-history":[{"count":30,"href":"https:\/\/kyrios.com.hr\/index.php\/wp-json\/wp\/v2\/pages\/1031\/revisions"}],"predecessor-version":[{"id":1075,"href":"https:\/\/kyrios.com.hr\/index.php\/wp-json\/wp\/v2\/pages\/1031\/revisions\/1075"}],"wp:attachment":[{"href":"https:\/\/kyrios.com.hr\/index.php\/wp-json\/wp\/v2\/media?parent=1031"}],"curies":[{"name":"wp","href":"https:\/\/api.w.org\/{rel}","templated":true}]}}